{"id":270,"date":"2023-01-27T14:45:46","date_gmt":"2023-01-27T13:45:46","guid":{"rendered":"http:\/\/mad-up-store.com\/?post_type=product&#038;p=270"},"modified":"2024-10-08T11:25:22","modified_gmt":"2024-10-08T09:25:22","slug":"manchon-taille-s","status":"publish","type":"product","link":"https:\/\/mad-up-store.com\/index.php\/produit\/manchon-taille-s\/","title":{"rendered":"03. Manchons taille 1 &#8211; lot de 2x"},"content":{"rendered":"\t\t<div data-elementor-type=\"wp-post\" data-elementor-id=\"270\" class=\"elementor elementor-270\">\n\t\t\t\t\t\t<section class=\"elementor-section elementor-top-section elementor-element elementor-element-3587dbf elementor-section-boxed elementor-section-height-default elementor-section-height-default\" data-id=\"3587dbf\" data-element_type=\"section\" data-e-type=\"section\">\n\t\t\t\t\t\t<div class=\"elementor-container elementor-column-gap-default\">\n\t\t\t\t\t<div class=\"elementor-column elementor-col-100 elementor-top-column elementor-element elementor-element-cb00ad0\" data-id=\"cb00ad0\" data-element_type=\"column\" data-e-type=\"column\">\n\t\t\t<div class=\"elementor-widget-wrap elementor-element-populated\">\n\t\t\t\t\t\t<div class=\"elementor-element elementor-element-f835791 elementor-widget elementor-widget-heading\" data-id=\"f835791\" data-element_type=\"widget\" data-e-type=\"widget\" data-widget_type=\"heading.default\">\n\t\t\t\t<div class=\"elementor-widget-container\">\n\t\t\t\t\t<h2 class=\"elementor-heading-title elementor-size-default\">Description du manchon MAD-UP<\/h2>\t\t\t\t<\/div>\n\t\t\t\t<\/div>\n\t\t\t\t\t<\/div>\n\t\t<\/div>\n\t\t\t\t\t<\/div>\n\t\t<\/section>\n\t\t\t\t<section class=\"elementor-section elementor-top-section elementor-element elementor-element-f78fc58 elementor-section-boxed elementor-section-height-default elementor-section-height-default\" data-id=\"f78fc58\" data-element_type=\"section\" data-e-type=\"section\">\n\t\t\t\t\t\t<div class=\"elementor-container elementor-column-gap-default\">\n\t\t\t\t\t<div class=\"elementor-column elementor-col-100 elementor-top-column elementor-element elementor-element-cae6ac5\" data-id=\"cae6ac5\" data-element_type=\"column\" data-e-type=\"column\">\n\t\t\t<div class=\"elementor-widget-wrap elementor-element-populated\">\n\t\t\t\t\t\t<div class=\"elementor-element elementor-element-ab9d732 elementor-widget elementor-widget-text-editor\" data-id=\"ab9d732\" data-element_type=\"widget\" data-e-type=\"widget\" data-widget_type=\"text-editor.default\">\n\t\t\t\t<div class=\"elementor-widget-container\">\n\t\t\t\t\t\t\t\t\t<p>Les manchons MAD-UP pour la restriction du flux sanguin (BFR) sont sp\u00e9cialement con\u00e7us pour rendre l&rsquo;application du manchon facile et coh\u00e9rente. La forme profil\u00e9e du manchon en combinaison avec une attache variable brevet\u00e9e permet un ajustement personnalis\u00e9 sup\u00e9rieur le long des bords proximaux et distaux du manchon pour aider la pression d&rsquo;occlusion des membres inf\u00e9rieurs et\/ou sup\u00e9rieurs.<\/p><p>Les manchons MAD-UP sont r\u00e9utilisables et disponibles en 3 longueurs standard 24&Prime;, 30&Prime; et 42&Prime; pour s&rsquo;adapter \u00e0 une large gamme de circonf\u00e9rences de membres.\u00a0<\/p>\t\t\t\t\t\t\t\t<\/div>\n\t\t\t\t<\/div>\n\t\t\t\t\t<\/div>\n\t\t<\/div>\n\t\t\t\t\t<\/div>\n\t\t<\/section>\n\t\t\t\t<section class=\"elementor-section elementor-top-section elementor-element elementor-element-6abf0a0 elementor-section-boxed elementor-section-height-default elementor-section-height-default\" data-id=\"6abf0a0\" data-element_type=\"section\" data-e-type=\"section\">\n\t\t\t\t\t\t<div class=\"elementor-container elementor-column-gap-default\">\n\t\t\t\t\t<div class=\"elementor-column elementor-col-100 elementor-top-column elementor-element elementor-element-68adff2\" data-id=\"68adff2\" data-element_type=\"column\" data-e-type=\"column\">\n\t\t\t<div class=\"elementor-widget-wrap elementor-element-populated\">\n\t\t\t\t\t\t<div class=\"elementor-element elementor-element-cad85d9 elementor-widget elementor-widget-heading\" data-id=\"cad85d9\" data-element_type=\"widget\" data-e-type=\"widget\" data-widget_type=\"heading.default\">\n\t\t\t\t<div class=\"elementor-widget-container\">\n\t\t\t\t\t<h2 class=\"elementor-heading-title elementor-size-default\">Comment appliquer le manchon ?<\/h2>\t\t\t\t<\/div>\n\t\t\t\t<\/div>\n\t\t\t\t\t<\/div>\n\t\t<\/div>\n\t\t\t\t\t<\/div>\n\t\t<\/section>\n\t\t\t\t<section class=\"elementor-section elementor-top-section elementor-element elementor-element-e514fa3 elementor-section-boxed elementor-section-height-default elementor-section-height-default\" data-id=\"e514fa3\" data-element_type=\"section\" data-e-type=\"section\">\n\t\t\t\t\t\t<div class=\"elementor-container elementor-column-gap-default\">\n\t\t\t\t\t<div class=\"elementor-column elementor-col-50 elementor-top-column elementor-element elementor-element-1686eba\" data-id=\"1686eba\" data-element_type=\"column\" data-e-type=\"column\">\n\t\t\t<div class=\"elementor-widget-wrap elementor-element-populated\">\n\t\t\t\t\t\t<div class=\"elementor-element elementor-element-8bd0a0c elementor-widget elementor-widget-text-editor\" data-id=\"8bd0a0c\" data-element_type=\"widget\" data-e-type=\"widget\" data-widget_type=\"text-editor.default\">\n\t\t\t\t<div class=\"elementor-widget-container\">\n\t\t\t\t\t\t\t\t\t<p>Assurez-vous que le manchon soit bien positionn\u00e9 \u00e0 la racine du membre de l&rsquo;utilisateur. Le connecteur orient\u00e9 vers le haut.<br><br>Positionniez et ajustez fermement les manchons avec les connecteurs vers le haut ind\u00e9pendamment des membres inf\u00e9rieurs ou sup\u00e9rieurs puis branchez les tubulures.<br><br>Veillez \u00e0 ce que le manchon soit ajust\u00e9 \u00e0 la racine du membre.<\/p>\t\t\t\t\t\t\t\t<\/div>\n\t\t\t\t<\/div>\n\t\t\t\t\t<\/div>\n\t\t<\/div>\n\t\t\t\t<div class=\"elementor-column elementor-col-50 elementor-top-column elementor-element elementor-element-ee0b68a\" data-id=\"ee0b68a\" data-element_type=\"column\" data-e-type=\"column\">\n\t\t\t<div class=\"elementor-widget-wrap elementor-element-populated\">\n\t\t\t\t\t\t<div class=\"elementor-element elementor-element-7a014d9 elementor-widget elementor-widget-image\" data-id=\"7a014d9\" data-element_type=\"widget\" data-e-type=\"widget\" data-widget_type=\"image.default\">\n\t\t\t\t<div class=\"elementor-widget-container\">\n\t\t\t\t\t\t\t\t\t\t\t\t\t\t\t<img fetchpriority=\"high\" decoding=\"async\" width=\"263\" height=\"300\" src=\"https:\/\/mad-up-store.com\/wp-content\/uploads\/2023\/01\/Capture_d_ecran_2023-02-21_a_11.54.41-removebg-preview-263x300.png\" class=\"attachment-medium size-medium wp-image-643\" alt=\"\" srcset=\"https:\/\/mad-up-store.com\/wp-content\/uploads\/2023\/01\/Capture_d_ecran_2023-02-21_a_11.54.41-removebg-preview-263x300.png 263w, https:\/\/mad-up-store.com\/wp-content\/uploads\/2023\/01\/Capture_d_ecran_2023-02-21_a_11.54.41-removebg-preview-300x342.png 300w, https:\/\/mad-up-store.com\/wp-content\/uploads\/2023\/01\/Capture_d_ecran_2023-02-21_a_11.54.41-removebg-preview.png 468w\" sizes=\"(max-width: 263px) 100vw, 263px\" \/>\t\t\t\t\t\t\t\t\t\t\t\t\t\t\t<\/div>\n\t\t\t\t<\/div>\n\t\t\t\t\t<\/div>\n\t\t<\/div>\n\t\t\t\t\t<\/div>\n\t\t<\/section>\n\t\t\t\t<section class=\"elementor-section elementor-top-section elementor-element elementor-element-6433cbd elementor-section-boxed elementor-section-height-default elementor-section-height-default\" data-id=\"6433cbd\" data-element_type=\"section\" data-e-type=\"section\">\n\t\t\t\t\t\t<div class=\"elementor-container elementor-column-gap-default\">\n\t\t\t\t\t<div class=\"elementor-column elementor-col-100 elementor-top-column elementor-element elementor-element-a6de81a\" data-id=\"a6de81a\" data-element_type=\"column\" data-e-type=\"column\">\n\t\t\t<div class=\"elementor-widget-wrap elementor-element-populated\">\n\t\t\t\t\t\t<div class=\"elementor-element elementor-element-42c2b30 elementor-widget elementor-widget-heading\" data-id=\"42c2b30\" data-element_type=\"widget\" data-e-type=\"widget\" data-widget_type=\"heading.default\">\n\t\t\t\t<div class=\"elementor-widget-container\">\n\t\t\t\t\t<h2 class=\"elementor-heading-title elementor-size-default\">Exemple d'utilisation<\/h2>\t\t\t\t<\/div>\n\t\t\t\t<\/div>\n\t\t\t\t\t<\/div>\n\t\t<\/div>\n\t\t\t\t\t<\/div>\n\t\t<\/section>\n\t\t\t\t<section class=\"elementor-section elementor-top-section elementor-element elementor-element-62165b4 elementor-section-boxed elementor-section-height-default elementor-section-height-default\" data-id=\"62165b4\" data-element_type=\"section\" data-e-type=\"section\">\n\t\t\t\t\t\t<div class=\"elementor-container elementor-column-gap-default\">\n\t\t\t\t\t<div class=\"elementor-column elementor-col-100 elementor-top-column elementor-element elementor-element-8b1e0b4\" data-id=\"8b1e0b4\" data-element_type=\"column\" data-e-type=\"column\">\n\t\t\t<div class=\"elementor-widget-wrap elementor-element-populated\">\n\t\t\t\t\t\t<div class=\"elementor-element elementor-element-928d452 elementor-widget elementor-widget-video\" data-id=\"928d452\" data-element_type=\"widget\" data-e-type=\"widget\" data-settings=\"{&quot;youtube_url&quot;:&quot;https:\\\/\\\/www.youtube.com\\\/watch?v=jL_2kEWypIU&amp;t=52s&quot;,&quot;video_type&quot;:&quot;youtube&quot;,&quot;controls&quot;:&quot;yes&quot;}\" data-widget_type=\"video.default\">\n\t\t\t\t<div class=\"elementor-widget-container\">\n\t\t\t\t\t\t\t<div class=\"elementor-wrapper elementor-open-inline\">\n\t\t\t<div class=\"elementor-video\"><\/div>\t\t<\/div>\n\t\t\t\t\t\t<\/div>\n\t\t\t\t<\/div>\n\t\t\t\t\t<\/div>\n\t\t<\/div>\n\t\t\t\t\t<\/div>\n\t\t<\/section>\n\t\t\t\t<\/div>\n\t\t","protected":false},"excerpt":{"rendered":"<ul>\n<li>Mat\u00e9riel m\u00e9dical CE 0123<\/li>\n<li>Manchon conique jaune taille M 24&Prime; * 4&Prime;<\/li>\n<li>Permet d&rsquo;effectuer une compression d&rsquo;un membre<\/li>\n<li>Mesure de la LOP<\/li>\n<li>Facile d&rsquo;utilisation<\/li>\n<li>Fixation variable<\/li>\n<li>Poign\u00e9e d&rsquo;application<\/li>\n<li>Facile d&rsquo;entretien<\/li>\n<li>Prix TTC<\/li>\n<\/ul>\n","protected":false},"featured_media":469,"comment_status":"closed","ping_status":"closed","template":"","meta":{"site-sidebar-layout":"default","site-content-layout":"default","ast-site-content-layout":"default","site-content-style":"default","site-sidebar-style":"default","ast-global-header-display":"","ast-banner-title-visibility":"","ast-main-header-display":"","ast-hfb-above-header-display":"","ast-hfb-below-header-display":"","ast-hfb-mobile-header-display":"","site-post-title":"","ast-breadcrumbs-content":"","ast-featured-img":"","footer-sml-layout":"","ast-disable-related-posts":"","theme-transparent-header-meta":"default","adv-header-id-meta":"","stick-header-meta":"","header-above-stick-meta":"","header-main-stick-meta":"","header-below-stick-meta":"","astra-migrate-meta-layouts":"set","ast-page-background-enabled":"default","ast-page-background-meta":{"desktop":{"background-color":"var(--ast-global-color-4)","background-image":"","background-repeat":"repeat","background-position":"center center","background-size":"auto","background-attachment":"scroll","background-type":"","background-media":"","overlay-type":"","overlay-color":"","overlay-opacity":"","overlay-gradient":""},"tablet":{"background-color":"","background-image":"","background-repeat":"repeat","background-position":"center center","background-size":"auto","background-attachment":"scroll","background-type":"","background-media":"","overlay-type":"","overlay-color":"","overlay-opacity":"","overlay-gradient":""},"mobile":{"background-color":"","background-image":"","background-repeat":"repeat","background-position":"center center","background-size":"auto","background-attachment":"scroll","background-type":"","background-media":"","overlay-type":"","overlay-color":"","overlay-opacity":"","overlay-gradient":""}},"ast-content-background-meta":{"desktop":{"background-color":"var(--ast-global-color-5)","background-image":"","background-repeat":"repeat","background-position":"center center","background-size":"auto","background-attachment":"scroll","background-type":"","background-media":"","overlay-type":"","overlay-color":"","overlay-opacity":"","overlay-gradient":""},"tablet":{"background-color":"var(--ast-global-color-5)","background-image":"","background-repeat":"repeat","background-position":"center center","background-size":"auto","background-attachment":"scroll","background-type":"","background-media":"","overlay-type":"","overlay-color":"","overlay-opacity":"","overlay-gradient":""},"mobile":{"background-color":"var(--ast-global-color-5)","background-image":"","background-repeat":"repeat","background-position":"center center","background-size":"auto","background-attachment":"scroll","background-type":"","background-media":"","overlay-type":"","overlay-color":"","overlay-opacity":"","overlay-gradient":""}}},"product_brand":[],"product_cat":[26],"product_tag":[],"class_list":{"0":"post-270","1":"product","2":"type-product","3":"status-publish","4":"has-post-thumbnail","6":"product_cat-accessoires","7":"desktop-align-left","8":"tablet-align-left","9":"mobile-align-left","11":"first","12":"instock","13":"taxable","14":"shipping-taxable","15":"purchasable","16":"product-type-simple"},"jetpack_sharing_enabled":true,"_links":{"self":[{"href":"https:\/\/mad-up-store.com\/index.php\/wp-json\/wp\/v2\/product\/270","targetHints":{"allow":["GET"]}}],"collection":[{"href":"https:\/\/mad-up-store.com\/index.php\/wp-json\/wp\/v2\/product"}],"about":[{"href":"https:\/\/mad-up-store.com\/index.php\/wp-json\/wp\/v2\/types\/product"}],"replies":[{"embeddable":true,"href":"https:\/\/mad-up-store.com\/index.php\/wp-json\/wp\/v2\/comments?post=270"}],"version-history":[{"count":33,"href":"https:\/\/mad-up-store.com\/index.php\/wp-json\/wp\/v2\/product\/270\/revisions"}],"predecessor-version":[{"id":833,"href":"https:\/\/mad-up-store.com\/index.php\/wp-json\/wp\/v2\/product\/270\/revisions\/833"}],"wp:featuredmedia":[{"embeddable":true,"href":"https:\/\/mad-up-store.com\/index.php\/wp-json\/wp\/v2\/media\/469"}],"wp:attachment":[{"href":"https:\/\/mad-up-store.com\/index.php\/wp-json\/wp\/v2\/media?parent=270"}],"wp:term":[{"taxonomy":"product_brand","embeddable":true,"href":"https:\/\/mad-up-store.com\/index.php\/wp-json\/wp\/v2\/product_brand?post=270"},{"taxonomy":"product_cat","embeddable":true,"href":"https:\/\/mad-up-store.com\/index.php\/wp-json\/wp\/v2\/product_cat?post=270"},{"taxonomy":"product_tag","embeddable":true,"href":"https:\/\/mad-up-store.com\/index.php\/wp-json\/wp\/v2\/product_tag?post=270"}],"curies":[{"name":"wp","href":"https:\/\/api.w.org\/{rel}","templated":true}]}}