{"id":175,"date":"2023-01-26T15:08:38","date_gmt":"2023-01-26T14:08:38","guid":{"rendered":"http:\/\/mad-up-store.com\/?post_type=product&#038;p=175"},"modified":"2024-08-30T14:47:45","modified_gmt":"2024-08-30T12:47:45","slug":"mad-up-pro","status":"publish","type":"product","link":"https:\/\/mad-up-store.com\/index.php\/produit\/mad-up-pro\/","title":{"rendered":"02. Offre location MAD-UP Pro &#8211; 60 mois \u00e0 partir de 148\u20ac TTC \/ mois"},"content":{"rendered":"\t\t<div data-elementor-type=\"wp-post\" data-elementor-id=\"175\" class=\"elementor elementor-175\">\n\t\t\t\t\t\t<section class=\"elementor-section elementor-top-section elementor-element elementor-element-e45319f elementor-section-boxed elementor-section-height-default elementor-section-height-default\" data-id=\"e45319f\" data-element_type=\"section\" data-e-type=\"section\">\n\t\t\t\t\t\t<div class=\"elementor-container elementor-column-gap-default\">\n\t\t\t\t\t<div class=\"elementor-column elementor-col-100 elementor-top-column elementor-element elementor-element-99752bf\" data-id=\"99752bf\" data-element_type=\"column\" data-e-type=\"column\">\n\t\t\t<div class=\"elementor-widget-wrap elementor-element-populated\">\n\t\t\t\t\t\t<div class=\"elementor-element elementor-element-75647c8 elementor-widget elementor-widget-heading\" data-id=\"75647c8\" data-element_type=\"widget\" data-e-type=\"widget\" data-widget_type=\"heading.default\">\n\t\t\t\t<div class=\"elementor-widget-container\">\n\t\t\t\t\t<h4 class=\"elementor-heading-title elementor-size-default\">MAD-UP x BFR<\/h4>\t\t\t\t<\/div>\n\t\t\t\t<\/div>\n\t\t\t\t\t<\/div>\n\t\t<\/div>\n\t\t\t\t\t<\/div>\n\t\t<\/section>\n\t\t\t\t<section class=\"elementor-section elementor-top-section elementor-element elementor-element-663fef1 elementor-section-boxed elementor-section-height-default elementor-section-height-default\" data-id=\"663fef1\" data-element_type=\"section\" data-e-type=\"section\">\n\t\t\t\t\t\t<div class=\"elementor-container elementor-column-gap-default\">\n\t\t\t\t\t<div class=\"elementor-column elementor-col-100 elementor-top-column elementor-element elementor-element-63bd72b\" data-id=\"63bd72b\" data-element_type=\"column\" data-e-type=\"column\">\n\t\t\t<div class=\"elementor-widget-wrap elementor-element-populated\">\n\t\t\t\t\t\t<div class=\"elementor-element elementor-element-ca23703 elementor-widget elementor-widget-text-editor\" data-id=\"ca23703\" data-element_type=\"widget\" data-e-type=\"widget\" data-widget_type=\"text-editor.default\">\n\t\t\t\t<div class=\"elementor-widget-container\">\n\t\t\t\t\t\t\t\t\t<p style=\"font-size: 17px; font-style: normal; font-weight: 400; color: #000000; font-family: Montserrat, sans-serif;\">Le MAD-UP Pro est un dispositif con\u00e7u, d\u00e9velopp\u00e9 et produit en France&nbsp;<img decoding=\"async\" class=\"\" role=\"img\" draggable=\"false\" src=\"https:\/\/s.w.org\/images\/core\/emoji\/14.0.0\/svg\/1f1eb-1f1f7.svg\" alt=\"\ud83c\uddeb\ud83c\uddf7\" width=\"19\" height=\"19\"><\/p>\n<p style=\"font-size: 17px; font-style: normal; font-weight: 400; color: #000000; font-family: Montserrat, sans-serif;\">Le BFR&nbsp;<i>(Blood Flow Restriction)<\/i>&nbsp;est une m\u00e9thode d&rsquo;entra\u00eenement sous restriction du flux sanguin qui provoque un stress m\u00e9tabolique. Cette restriction vasculaire implique une augmentation de la masse musculaire, une limitation de l&rsquo;amyotrophie lors d&rsquo;une immobilisation, un gain de capacit\u00e9s a\u00e9robies, une action antidouleur, une augmentation de la capillarisation. Un entra\u00eenement avec des charges entre 20 et 30% de la charge maximale sous BFR montre des r\u00e9sultats similaires \u00e0 un entra\u00eenement \u00e0 70% de la charge maximale sans BFR.<\/p>\n<p style=\"font-size: 17px; font-style: normal; font-weight: 400; color: #000000; font-family: Montserrat, sans-serif;\"><span style=\"font-style: inherit; font-weight: inherit;\">Calculer la LOP&nbsp;<\/span><span style=\"font-weight: inherit;\"><i>(pression minimum d&rsquo;occlusion)<\/i><\/span><span style=\"font-style: inherit; font-weight: inherit;\">&nbsp;personnalis\u00e9e est la premi\u00e8re \u00e9tape pour un travail s\u00e9curis\u00e9 et optimis\u00e9 mais ce n&rsquo;est pas suffisant. Une fois que le muscle s&rsquo;exerce et multiplie les contractions, la pression de travail choisie en fonction de la LOP va constamment varier et monter dans des niveaux de pression potentiellement dangereux et inconfortables.&nbsp;<\/span><span style=\"font-style: inherit;\"><span style=\"font-weight: bold;\">La technologie MAD-UP<\/span><\/span><span style=\"font-style: inherit; font-weight: inherit;\">&nbsp;va r\u00e9guler cette pression \u00e0 chaque contraction musculaire pour garantir un travail au pourcentage d&rsquo;occlusion choisi tout au long du protocole, peu importe la position et les mouvements du patient. Ainsi,&nbsp;<\/span><span style=\"font-style: inherit;\">le patient s&rsquo;exe<\/span><span style=\"font-style: inherit;\">rce en toute s\u00e9curit\u00e9.<\/span><\/p>\t\t\t\t\t\t\t\t<\/div>\n\t\t\t\t<\/div>\n\t\t\t\t\t<\/div>\n\t\t<\/div>\n\t\t\t\t\t<\/div>\n\t\t<\/section>\n\t\t\t\t<section class=\"elementor-section elementor-top-section elementor-element elementor-element-2f4d3c1 elementor-section-boxed elementor-section-height-default elementor-section-height-default\" data-id=\"2f4d3c1\" data-element_type=\"section\" data-e-type=\"section\">\n\t\t\t\t\t\t<div class=\"elementor-container elementor-column-gap-default\">\n\t\t\t\t\t<div class=\"elementor-column elementor-col-100 elementor-top-column elementor-element elementor-element-54380f6\" data-id=\"54380f6\" data-element_type=\"column\" data-e-type=\"column\">\n\t\t\t<div class=\"elementor-widget-wrap elementor-element-populated\">\n\t\t\t\t\t\t<div class=\"elementor-element elementor-element-9279ce2 elementor-widget elementor-widget-heading\" data-id=\"9279ce2\" data-element_type=\"widget\" data-e-type=\"widget\" data-widget_type=\"heading.default\">\n\t\t\t\t<div class=\"elementor-widget-container\">\n\t\t\t\t\t<h4 class=\"elementor-heading-title elementor-size-default\">Les points forts du MAD-UP Pro<\/h4>\t\t\t\t<\/div>\n\t\t\t\t<\/div>\n\t\t\t\t\t<\/div>\n\t\t<\/div>\n\t\t\t\t\t<\/div>\n\t\t<\/section>\n\t\t\t\t<section class=\"elementor-section elementor-top-section elementor-element elementor-element-78e6562 elementor-section-boxed elementor-section-height-default elementor-section-height-default\" data-id=\"78e6562\" data-element_type=\"section\" data-e-type=\"section\">\n\t\t\t\t\t\t<div class=\"elementor-container elementor-column-gap-default\">\n\t\t\t\t\t<div class=\"elementor-column elementor-col-50 elementor-top-column elementor-element elementor-element-5719e5e\" data-id=\"5719e5e\" data-element_type=\"column\" data-e-type=\"column\">\n\t\t\t<div class=\"elementor-widget-wrap elementor-element-populated\">\n\t\t\t\t\t\t<div class=\"elementor-element elementor-element-3be149d elementor-widget elementor-widget-text-editor\" data-id=\"3be149d\" data-element_type=\"widget\" data-e-type=\"widget\" data-widget_type=\"text-editor.default\">\n\t\t\t\t<div class=\"elementor-widget-container\">\n\t\t\t\t\t\t\t\t\t<ul style=\"font-size: 17px; font-style: normal; font-weight: 400; color: #000000; font-family: Montserrat, sans-serif;\"><li style=\"font-size: 17px;\">Dispositif con\u00e7u, d\u00e9velopp\u00e9 et produit en France<\/li><li style=\"font-size: 17px;\">Dispositif double voie<\/li><li style=\"font-size: 17px;\">Travail simultan\u00e9 sur 2 membres et\/ou 2 patients\u00a0<\/li><li style=\"font-size: 17px;\">Pression LOP personnalis\u00e9e<\/li><li style=\"font-size: 17px;\">R\u00e9gulation automatique de la pression et s\u00e9curisation<\/li><li style=\"font-size: 17px;\">6 protocoles programm\u00e9s et personnalisables<\/li><li style=\"font-size: 16px;\">Autonomie de la batterie &gt; 4h<\/li><\/ul>\t\t\t\t\t\t\t\t<\/div>\n\t\t\t\t<\/div>\n\t\t\t\t\t<\/div>\n\t\t<\/div>\n\t\t\t\t<div class=\"elementor-column elementor-col-50 elementor-top-column elementor-element elementor-element-05da72f\" data-id=\"05da72f\" data-element_type=\"column\" data-e-type=\"column\">\n\t\t\t<div class=\"elementor-widget-wrap elementor-element-populated\">\n\t\t\t\t\t\t<div class=\"elementor-element elementor-element-daa1ebc elementor-widget elementor-widget-text-editor\" data-id=\"daa1ebc\" data-element_type=\"widget\" data-e-type=\"widget\" data-widget_type=\"text-editor.default\">\n\t\t\t\t<div class=\"elementor-widget-container\">\n\t\t\t\t\t\t\t\t\t<ul><li>Manchons de qualit\u00e9 disponibles en 3 tailles<\/li><li>Valise de transport disponible en option<\/li><li>Accompagnement \u00e0 la prise en main avec un Expert Mad-Up<\/li><li>Acc\u00e8s membres \u00e0 la MAD-UP Academy, pour vous former et vous informer en ligne\u00a0<\/li><li>Support technique et SAV de proximit\u00e9<\/li><li>Garantie 2 ans (extensible en option de 1 \u00e0 2 ans) ou durant toute la p\u00e9riode de location<\/li><\/ul>\t\t\t\t\t\t\t\t<\/div>\n\t\t\t\t<\/div>\n\t\t\t\t\t<\/div>\n\t\t<\/div>\n\t\t\t\t\t<\/div>\n\t\t<\/section>\n\t\t\t\t<section class=\"elementor-section elementor-top-section elementor-element elementor-element-4f56d27 elementor-section-boxed elementor-section-height-default elementor-section-height-default\" data-id=\"4f56d27\" data-element_type=\"section\" data-e-type=\"section\">\n\t\t\t\t\t\t<div class=\"elementor-container elementor-column-gap-default\">\n\t\t\t\t\t<div class=\"elementor-column elementor-col-100 elementor-top-column elementor-element elementor-element-3ff745e\" data-id=\"3ff745e\" data-element_type=\"column\" data-e-type=\"column\">\n\t\t\t<div class=\"elementor-widget-wrap elementor-element-populated\">\n\t\t\t\t\t\t<div class=\"elementor-element elementor-element-6733362 elementor-widget elementor-widget-heading\" data-id=\"6733362\" data-element_type=\"widget\" data-e-type=\"widget\" data-widget_type=\"heading.default\">\n\t\t\t\t<div class=\"elementor-widget-container\">\n\t\t\t\t\t<h4 class=\"elementor-heading-title elementor-size-default\">Par qui peut \u00eatre utilis\u00e9 le MAD-UP Pro ?<\/h4>\t\t\t\t<\/div>\n\t\t\t\t<\/div>\n\t\t\t\t\t<\/div>\n\t\t<\/div>\n\t\t\t\t\t<\/div>\n\t\t<\/section>\n\t\t\t\t<section class=\"elementor-section elementor-top-section elementor-element elementor-element-425cc80 elementor-section-boxed elementor-section-height-default elementor-section-height-default\" data-id=\"425cc80\" data-element_type=\"section\" data-e-type=\"section\">\n\t\t\t\t\t\t<div class=\"elementor-container elementor-column-gap-default\">\n\t\t\t\t\t<div class=\"elementor-column elementor-col-100 elementor-top-column elementor-element elementor-element-4a0d3c3\" data-id=\"4a0d3c3\" data-element_type=\"column\" data-e-type=\"column\">\n\t\t\t<div class=\"elementor-widget-wrap elementor-element-populated\">\n\t\t\t\t\t\t<div class=\"elementor-element elementor-element-8f0bebb elementor-widget elementor-widget-text-editor\" data-id=\"8f0bebb\" data-element_type=\"widget\" data-e-type=\"widget\" data-widget_type=\"text-editor.default\">\n\t\t\t\t<div class=\"elementor-widget-container\">\n\t\t\t\t\t\t\t\t\t<p>Destin\u00e9 au plus grand nombre, le MAD-UP Pro a \u00e9t\u00e9 con\u00e7u pour \u00eatre un assistant avec des protocoles sur entra\u00eenement BFR.<\/p>\t\t\t\t\t\t\t\t<\/div>\n\t\t\t\t<\/div>\n\t\t\t\t\t<\/div>\n\t\t<\/div>\n\t\t\t\t\t<\/div>\n\t\t<\/section>\n\t\t\t\t<section class=\"elementor-section elementor-top-section elementor-element elementor-element-2c3d9d8 elementor-section-boxed elementor-section-height-default elementor-section-height-default\" data-id=\"2c3d9d8\" data-element_type=\"section\" data-e-type=\"section\">\n\t\t\t\t\t\t<div class=\"elementor-container elementor-column-gap-default\">\n\t\t\t\t\t<div class=\"elementor-column elementor-col-100 elementor-top-column elementor-element elementor-element-cca87f2\" data-id=\"cca87f2\" data-element_type=\"column\" data-e-type=\"column\">\n\t\t\t<div class=\"elementor-widget-wrap elementor-element-populated\">\n\t\t\t\t\t\t<div class=\"elementor-element elementor-element-3a99e7b elementor-widget elementor-widget-heading\" data-id=\"3a99e7b\" data-element_type=\"widget\" data-e-type=\"widget\" data-widget_type=\"heading.default\">\n\t\t\t\t<div class=\"elementor-widget-container\">\n\t\t\t\t\t<h4 class=\"elementor-heading-title elementor-size-default\">Les contres-indications du MAD-UP Pro<\/h4>\t\t\t\t<\/div>\n\t\t\t\t<\/div>\n\t\t\t\t\t<\/div>\n\t\t<\/div>\n\t\t\t\t\t<\/div>\n\t\t<\/section>\n\t\t\t\t<section class=\"elementor-section elementor-top-section elementor-element elementor-element-2ec68e2 elementor-section-boxed elementor-section-height-default elementor-section-height-default\" data-id=\"2ec68e2\" data-element_type=\"section\" data-e-type=\"section\">\n\t\t\t\t\t\t<div class=\"elementor-container elementor-column-gap-default\">\n\t\t\t\t\t<div class=\"elementor-column elementor-col-100 elementor-top-column elementor-element elementor-element-56876c0\" data-id=\"56876c0\" data-element_type=\"column\" data-e-type=\"column\">\n\t\t\t<div class=\"elementor-widget-wrap elementor-element-populated\">\n\t\t\t\t\t\t<div class=\"elementor-element elementor-element-b491479 elementor-widget elementor-widget-text-editor\" data-id=\"b491479\" data-element_type=\"widget\" data-e-type=\"widget\" data-widget_type=\"text-editor.default\">\n\t\t\t\t<div class=\"elementor-widget-container\">\n\t\t\t\t\t\t\t\t\t<p>Cependant certains patients ne peuvent pas b\u00e9n\u00e9ficier de cet outil de r\u00e9\u00e9ducation. Se r\u00e9f\u00e9rer au manuel d&rsquo;utilisation : <a href=\"https:\/\/acrobat.adobe.com\/link\/review?uri=urn:aaid:scds:US:0309a6bd-0d8b-3130-b0a0-2a3733a4af16\">cliquez-ici.<\/a><\/p>\t\t\t\t\t\t\t\t<\/div>\n\t\t\t\t<\/div>\n\t\t\t\t\t<\/div>\n\t\t<\/div>\n\t\t\t\t\t<\/div>\n\t\t<\/section>\n\t\t\t\t<section class=\"elementor-section elementor-top-section elementor-element elementor-element-4fdbe85 elementor-section-boxed elementor-section-height-default elementor-section-height-default\" data-id=\"4fdbe85\" data-element_type=\"section\" data-e-type=\"section\">\n\t\t\t\t\t\t<div class=\"elementor-container elementor-column-gap-default\">\n\t\t\t\t\t<div class=\"elementor-column elementor-col-100 elementor-top-column elementor-element elementor-element-2399929\" data-id=\"2399929\" data-element_type=\"column\" data-e-type=\"column\">\n\t\t\t<div class=\"elementor-widget-wrap elementor-element-populated\">\n\t\t\t\t\t\t<div class=\"elementor-element elementor-element-fff1232 elementor-widget elementor-widget-heading\" data-id=\"fff1232\" data-element_type=\"widget\" data-e-type=\"widget\" data-widget_type=\"heading.default\">\n\t\t\t\t<div class=\"elementor-widget-container\">\n\t\t\t\t\t<h4 class=\"elementor-heading-title elementor-size-default\">Accessoires<\/h4>\t\t\t\t<\/div>\n\t\t\t\t<\/div>\n\t\t\t\t\t<\/div>\n\t\t<\/div>\n\t\t\t\t\t<\/div>\n\t\t<\/section>\n\t\t\t\t<section class=\"elementor-section elementor-top-section elementor-element elementor-element-d3e2a54 elementor-section-boxed elementor-section-height-default elementor-section-height-default\" data-id=\"d3e2a54\" data-element_type=\"section\" data-e-type=\"section\">\n\t\t\t\t\t\t<div class=\"elementor-container elementor-column-gap-default\">\n\t\t\t\t\t<div class=\"elementor-column elementor-col-100 elementor-top-column elementor-element elementor-element-07f60f0\" data-id=\"07f60f0\" data-element_type=\"column\" data-e-type=\"column\">\n\t\t\t<div class=\"elementor-widget-wrap elementor-element-populated\">\n\t\t\t\t\t\t<div class=\"elementor-element elementor-element-64cdff6 elementor-widget elementor-widget-text-editor\" data-id=\"64cdff6\" data-element_type=\"widget\" data-e-type=\"widget\" data-widget_type=\"text-editor.default\">\n\t\t\t\t<div class=\"elementor-widget-container\">\n\t\t\t\t\t\t\t\t\t<p>Les\u00a0<a href=\"https:\/\/mad-up-store.com\/index.php\/produit\/manchons-taille-2-lot-de-2x\/\"><strong>manchons MAD-UP<\/strong><\/a> sont disponibles selon diff\u00e9rentes tailles. Ils sont \u00e9tudi\u00e9s pour permettre une pose simple et rapide sur le membre choisi. Les diff\u00e9rentes tailles disponibles sont \u00e0 ajuster \u00e0 la circonf\u00e9rence du membre afin d\u2019optimiser la pression de restriction vasculaire.<\/p>\t\t\t\t\t\t\t\t<\/div>\n\t\t\t\t<\/div>\n\t\t\t\t\t<\/div>\n\t\t<\/div>\n\t\t\t\t\t<\/div>\n\t\t<\/section>\n\t\t\t\t<section class=\"elementor-section elementor-top-section elementor-element elementor-element-878a13a elementor-section-boxed elementor-section-height-default elementor-section-height-default\" data-id=\"878a13a\" data-element_type=\"section\" data-e-type=\"section\">\n\t\t\t\t\t\t<div class=\"elementor-container elementor-column-gap-default\">\n\t\t\t\t\t<div class=\"elementor-column elementor-col-100 elementor-top-column elementor-element elementor-element-2be197c\" data-id=\"2be197c\" data-element_type=\"column\" data-e-type=\"column\">\n\t\t\t<div class=\"elementor-widget-wrap elementor-element-populated\">\n\t\t\t\t\t\t<div class=\"elementor-element elementor-element-12165be elementor-widget elementor-widget-heading\" data-id=\"12165be\" data-element_type=\"widget\" data-e-type=\"widget\" data-widget_type=\"heading.default\">\n\t\t\t\t<div class=\"elementor-widget-container\">\n\t\t\t\t\t<h4 class=\"elementor-heading-title elementor-size-default\">Exemple d'utilisation<\/h4>\t\t\t\t<\/div>\n\t\t\t\t<\/div>\n\t\t\t\t\t<\/div>\n\t\t<\/div>\n\t\t\t\t\t<\/div>\n\t\t<\/section>\n\t\t\t\t<section class=\"elementor-section elementor-top-section elementor-element elementor-element-84c5d54 elementor-section-boxed elementor-section-height-default elementor-section-height-default\" data-id=\"84c5d54\" data-element_type=\"section\" data-e-type=\"section\">\n\t\t\t\t\t\t<div class=\"elementor-container elementor-column-gap-default\">\n\t\t\t\t\t<div class=\"elementor-column elementor-col-100 elementor-top-column elementor-element elementor-element-44fcd09\" data-id=\"44fcd09\" data-element_type=\"column\" data-e-type=\"column\">\n\t\t\t<div class=\"elementor-widget-wrap elementor-element-populated\">\n\t\t\t\t\t\t<div class=\"elementor-element elementor-element-e134a73 elementor-widget elementor-widget-video\" data-id=\"e134a73\" data-element_type=\"widget\" data-e-type=\"widget\" data-settings=\"{&quot;youtube_url&quot;:&quot;https:\\\/\\\/www.youtube.com\\\/watch?v=GCWYD4NlXqw&amp;t=6s&quot;,&quot;video_type&quot;:&quot;youtube&quot;,&quot;controls&quot;:&quot;yes&quot;}\" data-widget_type=\"video.default\">\n\t\t\t\t<div class=\"elementor-widget-container\">\n\t\t\t\t\t\t\t<div class=\"elementor-wrapper elementor-open-inline\">\n\t\t\t<div class=\"elementor-video\"><\/div>\t\t<\/div>\n\t\t\t\t\t\t<\/div>\n\t\t\t\t<\/div>\n\t\t\t\t\t<\/div>\n\t\t<\/div>\n\t\t\t\t\t<\/div>\n\t\t<\/section>\n\t\t\t\t<\/div>\n\t\t","protected":false},"excerpt":{"rendered":"<p style=\"color: #0b3145;\"><strong>\u2713 Dur\u00e9e de financement au choix\u202f: 48 ou 60 mois<br \/>\n\u2713 Dossier 100% en ligne<br \/>\n\u2713 SAV et support gratuit durant toute la p\u00e9riode de location<br \/>\n\u2713 Prise en main en visioconf\u00e9rence avec un expert MAD-UP<br \/>\n\u2713 Nouveau contrat avec un appareil neuf en fin de location<br \/>\n\u2713 Mensualit\u00e9s d\u00e9ductibles de votre r\u00e9sultat<br \/>\n\u2713 Contrat en signature \u00e9lectronique<br \/>\n\u2713 2 paires de manchons + 2 tubulures + 1 alimentation<\/strong><\/p>\n<h3><em>Contactez-nous pour plus d&rsquo;informations.<\/em><\/h3>\n<p>&nbsp;<\/p>\n[contact-form to=\"contact@mad-up.com\" subject=\"Offre location MAD-UP Pro - 60 mois\"][contact-field label=\"Nom et Pr\u00e9nom\" type=\"name\" required=\"1\"][contact-field label=\"E-mail\" type=\"email\" required=\"1\"][contact-field label=\"Date\" type=\"date\" required=\"1\"][contact-field label=\"T\u00e9l\u00e9phone\" type=\"text\" required=\"1\"][contact-field label=\"Message\" type=\"textarea\" required=\"1\"][\/contact-form]\n","protected":false},"featured_media":584,"comment_status":"closed","ping_status":"closed","template":"","meta":{"site-sidebar-layout":"default","site-content-layout":"default","ast-site-content-layout":"default","site-content-style":"default","site-sidebar-style":"default","ast-global-header-display":"","ast-banner-title-visibility":"","ast-main-header-display":"","ast-hfb-above-header-display":"","ast-hfb-below-header-display":"","ast-hfb-mobile-header-display":"","site-post-title":"","ast-breadcrumbs-content":"","ast-featured-img":"","footer-sml-layout":"","ast-disable-related-posts":"","theme-transparent-header-meta":"default","adv-header-id-meta":"","stick-header-meta":"","header-above-stick-meta":"","header-main-stick-meta":"","header-below-stick-meta":"","astra-migrate-meta-layouts":"set","ast-page-background-enabled":"default","ast-page-background-meta":{"desktop":{"background-color":"var(--ast-global-color-4)","background-image":"","background-repeat":"repeat","background-position":"center center","background-size":"auto","background-attachment":"scroll","background-type":"","background-media":"","overlay-type":"","overlay-color":"","overlay-opacity":"","overlay-gradient":""},"tablet":{"background-color":"","background-image":"","background-repeat":"repeat","background-position":"center center","background-size":"auto","background-attachment":"scroll","background-type":"","background-media":"","overlay-type":"","overlay-color":"","overlay-opacity":"","overlay-gradient":""},"mobile":{"background-color":"","background-image":"","background-repeat":"repeat","background-position":"center center","background-size":"auto","background-attachment":"scroll","background-type":"","background-media":"","overlay-type":"","overlay-color":"","overlay-opacity":"","overlay-gradient":""}},"ast-content-background-meta":{"desktop":{"background-color":"var(--ast-global-color-5)","background-image":"","background-repeat":"repeat","background-position":"center center","background-size":"auto","background-attachment":"scroll","background-type":"","background-media":"","overlay-type":"","overlay-color":"","overlay-opacity":"","overlay-gradient":""},"tablet":{"background-color":"var(--ast-global-color-5)","background-image":"","background-repeat":"repeat","background-position":"center center","background-size":"auto","background-attachment":"scroll","background-type":"","background-media":"","overlay-type":"","overlay-color":"","overlay-opacity":"","overlay-gradient":""},"mobile":{"background-color":"var(--ast-global-color-5)","background-image":"","background-repeat":"repeat","background-position":"center center","background-size":"auto","background-attachment":"scroll","background-type":"","background-media":"","overlay-type":"","overlay-color":"","overlay-opacity":"","overlay-gradient":""}}},"product_brand":[],"product_cat":[27,25],"product_tag":[],"class_list":{"0":"post-175","1":"product","2":"type-product","3":"status-publish","4":"has-post-thumbnail","6":"product_cat-mad-up-pro","7":"product_cat-produit","8":"desktop-align-left","9":"tablet-align-left","10":"mobile-align-left","12":"first","13":"instock","14":"featured","15":"downloadable","16":"virtual","17":"taxable","18":"product-type-simple"},"jetpack_sharing_enabled":true,"_links":{"self":[{"href":"https:\/\/mad-up-store.com\/index.php\/wp-json\/wp\/v2\/product\/175","targetHints":{"allow":["GET"]}}],"collection":[{"href":"https:\/\/mad-up-store.com\/index.php\/wp-json\/wp\/v2\/product"}],"about":[{"href":"https:\/\/mad-up-store.com\/index.php\/wp-json\/wp\/v2\/types\/product"}],"replies":[{"embeddable":true,"href":"https:\/\/mad-up-store.com\/index.php\/wp-json\/wp\/v2\/comments?post=175"}],"version-history":[{"count":58,"href":"https:\/\/mad-up-store.com\/index.php\/wp-json\/wp\/v2\/product\/175\/revisions"}],"predecessor-version":[{"id":1308,"href":"https:\/\/mad-up-store.com\/index.php\/wp-json\/wp\/v2\/product\/175\/revisions\/1308"}],"wp:featuredmedia":[{"embeddable":true,"href":"https:\/\/mad-up-store.com\/index.php\/wp-json\/wp\/v2\/media\/584"}],"wp:attachment":[{"href":"https:\/\/mad-up-store.com\/index.php\/wp-json\/wp\/v2\/media?parent=175"}],"wp:term":[{"taxonomy":"product_brand","embeddable":true,"href":"https:\/\/mad-up-store.com\/index.php\/wp-json\/wp\/v2\/product_brand?post=175"},{"taxonomy":"product_cat","embeddable":true,"href":"https:\/\/mad-up-store.com\/index.php\/wp-json\/wp\/v2\/product_cat?post=175"},{"taxonomy":"product_tag","embeddable":true,"href":"https:\/\/mad-up-store.com\/index.php\/wp-json\/wp\/v2\/product_tag?post=175"}],"curies":[{"name":"wp","href":"https:\/\/api.w.org\/{rel}","templated":true}]}}